{"id":460,"date":"2017-03-05T22:37:36","date_gmt":"2017-03-05T21:37:36","guid":{"rendered":"http:\/\/gardiensdesemencesleman74.chablaispermaculture.fr\/?page_id=460"},"modified":"2024-06-26T11:37:06","modified_gmt":"2024-06-26T09:37:06","slug":"semences-buissonieres","status":"publish","type":"page","link":"https:\/\/gardiensdesemencesleman74.fr\/?page_id=460","title":{"rendered":"Semences buissonni\u00e8res"},"content":{"rendered":"<div id=\"cc-inner\" class=\"cc-content-parent\">\n<div class=\"jtpl-background-area\"><\/div>\n<div class=\"jtpl-main layout-alignment cc-content-parent\">\n<header class=\"jtpl-header\">\n<section class=\"jtpl-logo\">\n<div id=\"cc-website-logo\" class=\"cc-single-module-element\">\n<div id=\"cc-m-11856796427\" class=\"j-module n j-imageSubtitle\">\n<div class=\"cc-m-image-container\">\n<figure class=\"cc-imagewrapper cc-m-image-align-3\"><a href=\"https:\/\/www.seedfilm.org\/\" target=\"_blank\" rel=\"noopener\"><img decoding=\"async\" id=\"cc-m-imagesubtitle-image-11856796427\" class=\"\" src=\"https:\/\/image.jimcdn.com\/app\/cms\/image\/transf\/none\/path\/sf102abe3c1c1455e\/image\/i31a8fbc645a156cb\/version\/1464257922\/image.gif\" sizes=\"(min-width: 880px) 880px, 100vw\" srcset=\"https:\/\/image.jimcdn.com\/app\/cms\/image\/transf\/dimension=320x10000:format=gif\/path\/sf102abe3c1c1455e\/image\/i31a8fbc645a156cb\/version\/1464257922\/image.gif 320w, https:\/\/image.jimcdn.com\/app\/cms\/image\/transf\/dimension=640x10000:format=gif\/path\/sf102abe3c1c1455e\/image\/i31a8fbc645a156cb\/version\/1464257922\/image.gif 640w, https:\/\/image.jimcdn.com\/app\/cms\/image\/transf\/none\/path\/sf102abe3c1c1455e\/image\/i31a8fbc645a156cb\/version\/1464257922\/image.gif 880w\" alt=\"\" width=\"880\" height=\"\" data-src-width=\"880\" data-src-height=\"254\" data-src=\"https:\/\/image.jimcdn.com\/app\/cms\/image\/transf\/none\/path\/sf102abe3c1c1455e\/image\/i31a8fbc645a156cb\/version\/1464257922\/image.gif\" data-image-id=\"7760740127\" \/><\/a><\/figure>\n<\/div>\n<div class=\"jtpl-content content-options cc-content-parent\">\n<div id=\"content_area\" data-container=\"content\">\n<div id=\"content_start\"><\/div>\n<div id=\"cc-matrix-3310409427\">\n<div id=\"cc-m-13083847527\" class=\"j-module n j-text \">\n<h2 id=\"cc-m-header-11856189727\" class=\"headline cc-m-header-inline-rte\" contenteditable=\"true\" data-action=\"header\" data-name=\"header\">Ces films p\u00e9dagogiques sur la production de semences s\u2019adressent \u00e0 tous ceux qui veulent produire leurs propres semences et contribuer \u00e0 la sauvegarde de la biodiversit\u00e9 cultiv\u00e9e. Ces films sont con\u00e7us comme des outils p\u00e9dagogiques afin d\u2019expliquer l\u2019\u00e9volution de la plante de la graine \u00e0 la graine, de faciliter la compr\u00e9hension de la biologie des fleurs, des ph\u00e9nom\u00e8nes de pollinisation, des gestes et m\u00e9thodes utilis\u00e9s pour les r\u00e9coltes, de l\u2019extraction, du tri et du stockage des graines.<\/h2>\n<\/div>\n<div id=\"cc-m-11856157727\" class=\"j-module n j-text \">\n<p class=\"western\" lang=\"fr-CH\" xml:lang=\"fr-CH\">Ils montrent pas \u00e0 pas la production de semences de 32 sortes de l\u00e9gumes et expliquent avec 8 autres films des aspects techniques et th\u00e9oriques de la production de semences.<\/p>\n<blockquote class=\"wp-embedded-content\" data-secret=\"FjOj1ngwJC\"><p><a href=\"https:\/\/www.diyseeds.org\/fr\/films\/\">Les vid\u00e9os<\/a><\/p><\/blockquote>\n<p><iframe loading=\"lazy\" class=\"wp-embedded-content\" sandbox=\"allow-scripts\" security=\"restricted\" style=\"position: absolute; clip: rect(1px, 1px, 1px, 1px);\" title=\"\u00ab\u00a0Les vid\u00e9os\u00a0\u00bb \u2014 Semences buissonni\u00e8res\" src=\"https:\/\/www.diyseeds.org\/fr\/films\/embed\/#?secret=FjOj1ngwJC\" data-secret=\"FjOj1ngwJC\" width=\"600\" height=\"338\" frameborder=\"0\" marginwidth=\"0\" marginheight=\"0\" scrolling=\"no\"><\/iframe><\/p>\n<\/div>\n<\/div>\n<\/div>\n<\/div>\n<\/div>\n<\/div>\n<\/section>\n<\/header>\n<\/div>\n<\/div>\n","protected":false},"excerpt":{"rendered":"<p>Ces films p\u00e9dagogiques sur la production de semences s\u2019adressent \u00e0 tous ceux qui veulent produire leurs propres semences et contribuer \u00e0 la sauvegarde de la biodiversit\u00e9 cultiv\u00e9e. Ces films sont con\u00e7us comme des outils p\u00e9dagogiques afin d\u2019expliquer l\u2019\u00e9volution de la plante de la graine \u00e0 la graine, de faciliter la compr\u00e9hension de la biologie des [&hellip;]<\/p>\n","protected":false},"author":1,"featured_media":0,"parent":235,"menu_order":0,"comment_status":"closed","ping_status":"closed","template":"","meta":{"footnotes":""},"class_list":["post-460","page","type-page","status-publish","hentry","post"],"_links":{"self":[{"href":"https:\/\/gardiensdesemencesleman74.fr\/index.php?rest_route=\/wp\/v2\/pages\/460","targetHints":{"allow":["GET"]}}],"collection":[{"href":"https:\/\/gardiensdesemencesleman74.fr\/index.php?rest_route=\/wp\/v2\/pages"}],"about":[{"href":"https:\/\/gardiensdesemencesleman74.fr\/index.php?rest_route=\/wp\/v2\/types\/page"}],"author":[{"embeddable":true,"href":"https:\/\/gardiensdesemencesleman74.fr\/index.php?rest_route=\/wp\/v2\/users\/1"}],"replies":[{"embeddable":true,"href":"https:\/\/gardiensdesemencesleman74.fr\/index.php?rest_route=%2Fwp%2Fv2%2Fcomments&post=460"}],"version-history":[{"count":7,"href":"https:\/\/gardiensdesemencesleman74.fr\/index.php?rest_route=\/wp\/v2\/pages\/460\/revisions"}],"predecessor-version":[{"id":1241,"href":"https:\/\/gardiensdesemencesleman74.fr\/index.php?rest_route=\/wp\/v2\/pages\/460\/revisions\/1241"}],"up":[{"embeddable":true,"href":"https:\/\/gardiensdesemencesleman74.fr\/index.php?rest_route=\/wp\/v2\/pages\/235"}],"wp:attachment":[{"href":"https:\/\/gardiensdesemencesleman74.fr\/index.php?rest_route=%2Fwp%2Fv2%2Fmedia&parent=460"}],"curies":[{"name":"wp","href":"https:\/\/api.w.org\/{rel}","templated":true}]}}