{"id":452,"date":"2017-03-05T22:14:31","date_gmt":"2017-03-05T21:14:31","guid":{"rendered":"http:\/\/gardiensdesemencesleman74.chablaispermaculture.fr\/?page_id=452"},"modified":"2024-06-26T11:49:44","modified_gmt":"2024-06-26T09:49:44","slug":"la-guerre-des-graines","status":"publish","type":"page","link":"https:\/\/gardiensdesemencesleman74.fr\/?page_id=452","title":{"rendered":"La guerre des graines"},"content":{"rendered":"<p><span style=\"font-family: 'Raleway',sans-serif; font-size: 16px;\">Voici un film documentaire qui\u00a0 explique le pourquoi cette action collective. C\u2019est un film de 52 minutes qui est tr\u00e8s p\u00e9dagogique. Vous pouvez le retrouver sur You tube en \u00e9crivant \u00ab\u00a0film la guerre des graines\u00a0\u00bb car le lien avec l\u2019image ci-dessous ne fonctionne plus.<\/span><\/p>\n<p><span style=\"font-family: 'Raleway',sans-serif; font-size: 16px;\"><a href=\"http:\/\/latelelibre.fr\/reportages\/doc-la-guerre-des-graines\/\" target=\"_blank\" rel=\"noopener\"><img decoding=\"async\" class=\"tile__media__img js-lazyload aligncenter\" src=\"https:\/\/images.duckduckgo.com\/iu\/?u=https%3A%2F%2Fi1.ytimg.com%2Fvi%2FvGtGSFneI7o%2Fmqdefault.jpg&f=1\" alt=\"LA GUERRE DES GRAINES [officiel]\" data-src=\"\/\/images.duckduckgo.com\/iu\/?u=https%3A%2F%2Fi1.ytimg.com%2Fvi%2FvGtGSFneI7o%2Fmqdefault.jpg&f=1\" \/><\/a><\/span><\/p>\n","protected":false},"excerpt":{"rendered":"<p>Voici un film documentaire qui\u00a0 explique le pourquoi cette action collective. C\u2019est un film de 52 minutes qui est tr\u00e8s p\u00e9dagogique. Vous pouvez le retrouver sur You tube en \u00e9crivant \u00ab\u00a0film la guerre des graines\u00a0\u00bb car le lien avec l\u2019image ci-dessous ne fonctionne plus.<\/p>\n","protected":false},"author":1,"featured_media":0,"parent":235,"menu_order":0,"comment_status":"closed","ping_status":"closed","template":"","meta":{"footnotes":""},"class_list":["post-452","page","type-page","status-publish","hentry","post"],"_links":{"self":[{"href":"https:\/\/gardiensdesemencesleman74.fr\/index.php?rest_route=\/wp\/v2\/pages\/452","targetHints":{"allow":["GET"]}}],"collection":[{"href":"https:\/\/gardiensdesemencesleman74.fr\/index.php?rest_route=\/wp\/v2\/pages"}],"about":[{"href":"https:\/\/gardiensdesemencesleman74.fr\/index.php?rest_route=\/wp\/v2\/types\/page"}],"author":[{"embeddable":true,"href":"https:\/\/gardiensdesemencesleman74.fr\/index.php?rest_route=\/wp\/v2\/users\/1"}],"replies":[{"embeddable":true,"href":"https:\/\/gardiensdesemencesleman74.fr\/index.php?rest_route=%2Fwp%2Fv2%2Fcomments&post=452"}],"version-history":[{"count":3,"href":"https:\/\/gardiensdesemencesleman74.fr\/index.php?rest_route=\/wp\/v2\/pages\/452\/revisions"}],"predecessor-version":[{"id":1245,"href":"https:\/\/gardiensdesemencesleman74.fr\/index.php?rest_route=\/wp\/v2\/pages\/452\/revisions\/1245"}],"up":[{"embeddable":true,"href":"https:\/\/gardiensdesemencesleman74.fr\/index.php?rest_route=\/wp\/v2\/pages\/235"}],"wp:attachment":[{"href":"https:\/\/gardiensdesemencesleman74.fr\/index.php?rest_route=%2Fwp%2Fv2%2Fmedia&parent=452"}],"curies":[{"name":"wp","href":"https:\/\/api.w.org\/{rel}","templated":true}]}}