{"id":310,"date":"2017-02-28T13:42:53","date_gmt":"2017-02-28T12:42:53","guid":{"rendered":"http:\/\/gardiensdesemencesleman74.chablaispermaculture.fr\/?page_id=310"},"modified":"2017-03-22T23:00:29","modified_gmt":"2017-03-22T22:00:29","slug":"page-daccueil-2","status":"publish","type":"page","link":"https:\/\/gardiensdesemencesleman74.fr\/","title":{"rendered":"Page d\u2019accueil"},"content":{"rendered":"<div id=\"pl-310\"  class=\"panel-layout\" ><div id=\"pg-310-0\"  class=\"panel-grid panel-no-style\" ><div id=\"pgc-310-0-0\"  class=\"panel-grid-cell\" ><div id=\"panel-310-0-0-0\" class=\"so-panel widget widget_sow-editor panel-first-child panel-last-child\" data-index=\"0\" ><div\n\t\t\t\n\t\t\tclass=\"so-widget-sow-editor so-widget-sow-editor-base\"\n\t\t\t\n\t\t>\n<div class=\"siteorigin-widget-tinymce textwidget\">\n\t<p>\u00a0<\/p>\n<header class=\"jtpl-header\">\n<section class=\"jtpl-logo\">\n<figure class=\"cc-imagewrapper cc-m-image-align-3\"><a href=\"https:\/\/www.seedfilm.org\/\" target=\"_blank\"><img decoding=\"async\" id=\"cc-m-imagesubtitle-image-11856796427\" class=\"aligncenter\" src=\"https:\/\/image.jimcdn.com\/app\/cms\/image\/transf\/none\/path\/sf102abe3c1c1455e\/image\/i31a8fbc645a156cb\/version\/1464257922\/image.gif\" sizes=\"(min-width: 880px) 880px, 100vw\" srcset=\"https:\/\/image.jimcdn.com\/app\/cms\/image\/transf\/dimension=320x10000:format=gif\/path\/sf102abe3c1c1455e\/image\/i31a8fbc645a156cb\/version\/1464257922\/image.gif 320w, https:\/\/image.jimcdn.com\/app\/cms\/image\/transf\/dimension=640x10000:format=gif\/path\/sf102abe3c1c1455e\/image\/i31a8fbc645a156cb\/version\/1464257922\/image.gif 640w, https:\/\/image.jimcdn.com\/app\/cms\/image\/transf\/none\/path\/sf102abe3c1c1455e\/image\/i31a8fbc645a156cb\/version\/1464257922\/image.gif 880w\" alt=\"\" width=\"880\" height=\"\" data-src-width=\"880\" data-src-height=\"254\" data-src=\"https:\/\/image.jimcdn.com\/app\/cms\/image\/transf\/none\/path\/sf102abe3c1c1455e\/image\/i31a8fbc645a156cb\/version\/1464257922\/image.gif\" data-image-id=\"7760740127\" \/><\/a><\/figure>\n<p>\u00a0<\/p>\n<\/section>\n<\/header>\n<p><span style=\"font-family: 'Raleway',sans-serif; font-size: 16px;\"><strong>gardiens de Semences L\u00e9man 74<\/strong> est un r\u00e9seau de personnes qui a <strong>conscience de l\u2019importance de cultiver ses semences pour \u00eatre plus libre et autonome.<\/strong><\/span><\/p>\n<p><span style=\"font-family: 'Raleway',sans-serif; font-size: 16px;\">Ces personnes<strong> s\u00e8ment, r\u00e9coltent et partagent leurs semences de plantes comestibles ou m\u00e9dicinales<\/strong> (adapt\u00e9es \u00e0 la r\u00e9gion, go\u00fbteuses et faciles \u00e0 cultiver).<\/span><\/p>\n<p><span style=\"font-family: 'Raleway',sans-serif; font-size: 16px;\">Elles cultivent les plantes \u00e9chang\u00e9es en <strong>bio et ce ne sont ni des hybrides F1, ni des OGM.<\/strong><\/span><\/p>\n<p><span style=\"font-family: 'Raleway',sans-serif; font-size: 16px;\">C\u2019est un r\u00e9seau de <strong>dons et d\u2019\u00e9changes gratuits<\/strong> de semences, boutures, plants, et de savoirs faire.<\/span><\/p>\n<\/div>\n<\/div><\/div><\/div><\/div><\/div>","protected":false},"excerpt":{"rendered":"<p>\u00a0\u00a0gardiens de Semences L\u00e9man 74 est un r\u00e9seau de personnes qui a conscience de l\u2019importance de cultiver ses semences pour \u00eatre plus libre et autonome.Ces personnes s\u00e8ment, r\u00e9coltent et partagent leurs semences de plantes comestibles ou m\u00e9dicinales (adapt\u00e9es \u00e0 la r\u00e9gion, go\u00fbteuses et faciles \u00e0 cultiver).Elles cultivent les plantes \u00e9chang\u00e9es en bio et ce ne [&hellip;]<\/p>\n","protected":false},"author":2,"featured_media":0,"parent":0,"menu_order":0,"comment_status":"closed","ping_status":"closed","template":"home-panels.php","meta":{"footnotes":""},"class_list":["post-310","page","type-page","status-publish","hentry","post"],"_links":{"self":[{"href":"https:\/\/gardiensdesemencesleman74.fr\/index.php?rest_route=\/wp\/v2\/pages\/310","targetHints":{"allow":["GET"]}}],"collection":[{"href":"https:\/\/gardiensdesemencesleman74.fr\/index.php?rest_route=\/wp\/v2\/pages"}],"about":[{"href":"https:\/\/gardiensdesemencesleman74.fr\/index.php?rest_route=\/wp\/v2\/types\/page"}],"author":[{"embeddable":true,"href":"https:\/\/gardiensdesemencesleman74.fr\/index.php?rest_route=\/wp\/v2\/users\/2"}],"replies":[{"embeddable":true,"href":"https:\/\/gardiensdesemencesleman74.fr\/index.php?rest_route=%2Fwp%2Fv2%2Fcomments&post=310"}],"version-history":[{"count":8,"href":"https:\/\/gardiensdesemencesleman74.fr\/index.php?rest_route=\/wp\/v2\/pages\/310\/revisions"}],"predecessor-version":[{"id":632,"href":"https:\/\/gardiensdesemencesleman74.fr\/index.php?rest_route=\/wp\/v2\/pages\/310\/revisions\/632"}],"wp:attachment":[{"href":"https:\/\/gardiensdesemencesleman74.fr\/index.php?rest_route=%2Fwp%2Fv2%2Fmedia&parent=310"}],"curies":[{"name":"wp","href":"https:\/\/api.w.org\/{rel}","templated":true}]}}