{"id":207,"date":"2017-02-06T11:49:55","date_gmt":"2017-02-06T10:49:55","guid":{"rendered":"http:\/\/gardiensdesemencesleman74.chablaispermaculture.fr\/?page_id=207"},"modified":"2017-03-19T09:00:47","modified_gmt":"2017-03-19T08:00:47","slug":"pourquoi","status":"publish","type":"page","link":"https:\/\/gardiensdesemencesleman74.fr\/?page_id=207","title":{"rendered":"Raison d&rsquo;\u00eatre"},"content":{"rendered":"<p><span style=\"font-family: 'Raleway',sans-serif; font-size: 16px;\"><img loading=\"lazy\" decoding=\"async\" class=\"size-medium wp-image-156 alignleft\" src=\"https:\/\/gardiensdesemencesleman74.fr\/wp-content\/uploads\/2017\/01\/cropped-cropped-Haricots-mains-4-300x151.jpg\" alt=\"\" width=\"326\" height=\"164\" srcset=\"https:\/\/gardiensdesemencesleman74.fr\/wp-content\/uploads\/2017\/01\/cropped-cropped-Haricots-mains-4-300x151.jpg 300w, https:\/\/gardiensdesemencesleman74.fr\/wp-content\/uploads\/2017\/01\/cropped-cropped-Haricots-mains-4-768x386.jpg 768w, https:\/\/gardiensdesemencesleman74.fr\/wp-content\/uploads\/2017\/01\/cropped-cropped-Haricots-mains-4-1024x515.jpg 1024w, https:\/\/gardiensdesemencesleman74.fr\/wp-content\/uploads\/2017\/01\/cropped-cropped-Haricots-mains-4-600x302.jpg 600w, https:\/\/gardiensdesemencesleman74.fr\/wp-content\/uploads\/2017\/01\/cropped-cropped-Haricots-mains-4.jpg 1260w\" sizes=\"auto, (max-width: 326px) 100vw, 326px\" \/>gardiens de Semences L\u00e9man 74 est un r\u00e9seau de personnes qui a <strong>conscience de l&rsquo;importance de cultiver ses semences pour \u00eatre plus libre et autonome.<\/strong><\/span><\/p>\n<p><span style=\"font-family: 'Raleway',sans-serif; font-size: 16px;\">Ces personnes <strong>s\u00e8ment, r\u00e9coltent et partagent leurs semences de plantes comestibles ou m\u00e9dicinales<\/strong> <i>(adapt\u00e9es \u00e0 la r\u00e9gion, go\u00fbteuses et faciles \u00e0 cultiver)<\/i>.<\/span><\/p>\n<p><span style=\"font-family: 'Raleway',sans-serif; font-size: 16px;\">Elles cultivent les plantes \u00e9chang\u00e9es en <strong>bio et ce ne sont ni des hybrides F1, ni des OGM.<\/strong><\/span><\/p>\n<p><span style=\"font-family: 'Raleway',sans-serif; font-size: 16px;\">C\u2019est un <strong>r\u00e9seau de dons et d\u2019\u00e9changes gratuits de semences, boutures, plants, et de savoirs faire.<\/strong><\/span><\/p>\n<p>&nbsp;<\/p>\n<p>&nbsp;<\/p>\n<p><span style=\"font-family: 'Raleway',sans-serif; font-size: 16px;\">Les 3 premi\u00e8res minutes de ce documentaire, ainsi que les suivantes bien-s\u00fbr, expliquent le pourquoi cette action collective.<a href=\"http:\/\/latelelibre.fr\/reportages\/doc-la-guerre-des-graines\/\" target=\"_blank\"><img loading=\"lazy\" decoding=\"async\" class=\"tile__media__img js-lazyload aligncenter\" src=\"https:\/\/images.duckduckgo.com\/iu\/?u=https%3A%2F%2Fi1.ytimg.com%2Fvi%2FvGtGSFneI7o%2Fmqdefault.jpg&amp;f=1\" alt=\"LA GUERRE DES GRAINES [officiel]\" width=\"139\" height=\"78\" data-src=\"\/\/images.duckduckgo.com\/iu\/?u=https%3A%2F%2Fi1.ytimg.com%2Fvi%2FvGtGSFneI7o%2Fmqdefault.jpg&amp;f=1\" \/><\/a><\/span><\/p>\n<p>&nbsp;<\/p>\n","protected":false},"excerpt":{"rendered":"<p>gardiens de Semences L\u00e9man 74 est un r\u00e9seau de personnes qui a conscience de l&rsquo;importance de cultiver ses semences pour \u00eatre plus libre et autonome. Ces personnes s\u00e8ment, r\u00e9coltent et partagent leurs semences de plantes comestibles ou m\u00e9dicinales (adapt\u00e9es \u00e0 la r\u00e9gion, go\u00fbteuses et faciles \u00e0 cultiver). Elles cultivent les plantes \u00e9chang\u00e9es en bio et [&hellip;]<\/p>\n","protected":false},"author":1,"featured_media":0,"parent":144,"menu_order":0,"comment_status":"closed","ping_status":"closed","template":"","meta":{"footnotes":""},"class_list":["post-207","page","type-page","status-publish","hentry","post"],"_links":{"self":[{"href":"https:\/\/gardiensdesemencesleman74.fr\/index.php?rest_route=\/wp\/v2\/pages\/207","targetHints":{"allow":["GET"]}}],"collection":[{"href":"https:\/\/gardiensdesemencesleman74.fr\/index.php?rest_route=\/wp\/v2\/pages"}],"about":[{"href":"https:\/\/gardiensdesemencesleman74.fr\/index.php?rest_route=\/wp\/v2\/types\/page"}],"author":[{"embeddable":true,"href":"https:\/\/gardiensdesemencesleman74.fr\/index.php?rest_route=\/wp\/v2\/users\/1"}],"replies":[{"embeddable":true,"href":"https:\/\/gardiensdesemencesleman74.fr\/index.php?rest_route=%2Fwp%2Fv2%2Fcomments&post=207"}],"version-history":[{"count":11,"href":"https:\/\/gardiensdesemencesleman74.fr\/index.php?rest_route=\/wp\/v2\/pages\/207\/revisions"}],"predecessor-version":[{"id":552,"href":"https:\/\/gardiensdesemencesleman74.fr\/index.php?rest_route=\/wp\/v2\/pages\/207\/revisions\/552"}],"up":[{"embeddable":true,"href":"https:\/\/gardiensdesemencesleman74.fr\/index.php?rest_route=\/wp\/v2\/pages\/144"}],"wp:attachment":[{"href":"https:\/\/gardiensdesemencesleman74.fr\/index.php?rest_route=%2Fwp%2Fv2%2Fmedia&parent=207"}],"curies":[{"name":"wp","href":"https:\/\/api.w.org\/{rel}","templated":true}]}}