{"id":187,"date":"2017-02-06T11:30:50","date_gmt":"2017-02-06T10:30:50","guid":{"rendered":"http:\/\/gardiensdesemencesleman74.chablaispermaculture.fr\/?page_id=187"},"modified":"2026-03-12T14:30:42","modified_gmt":"2026-03-12T13:30:42","slug":"contact-2","status":"publish","type":"page","link":"https:\/\/gardiensdesemencesleman74.fr\/?page_id=187","title":{"rendered":"Contact"},"content":{"rendered":"<div id=\"pl-187\"  class=\"panel-layout\" ><div id=\"pg-187-0\"  class=\"panel-grid panel-no-style\" ><div id=\"pgc-187-0-0\"  class=\"panel-grid-cell\" ><div id=\"panel-187-0-0-0\" class=\"so-panel widget widget_sow-editor panel-first-child panel-last-child\" data-index=\"0\" ><div\n\t\t\t\n\t\t\tclass=\"so-widget-sow-editor so-widget-sow-editor-base\"\n\t\t\t\n\t\t>\n<div class=\"siteorigin-widget-tinymce textwidget\">\n\t<p style=\"text-align: left;\" align=\"left\"><span style=\"font-family: 'Raleway',sans-serif; font-size: 16px;\">Contactez-nous \u00e0 l'adresse <strong>gardiensdesemencesleman74@ntymail.com<\/strong><\/span><\/p>\n<p align=\"left\"><span style=\"font-family: 'Raleway',sans-serif; font-size: 16px;\"><span style=\"color: #00b050;\"><span style=\"color: #000000;\">Vous pouvez aussi contacter une des membres de l'<strong>\u00e9quipe de pilotage :<\/strong><br \/>\n<\/span><\/span><\/span><\/p>\n<p style=\"text-align: left;\" align=\"left\"><span style=\"color: #000000; font-family: 'Raleway',sans-serif; font-size: 16px;\"><strong>Chantal Juthier<\/strong>\u00a0 \u00e0 Cervens 04 50 72 58 28<\/span><\/p>\n<p style=\"text-align: left;\" align=\"left\"><span style=\"color: #000000; font-family: 'Raleway',sans-serif; font-size: 16px;\"><strong>Delphine Lavaillotte<\/strong> \u00e0 Orcier 04 50 81 04 34<\/span><\/p>\n<p style=\"text-align: left;\" align=\"left\"><span style=\"color: #000000; font-family: 'Raleway',sans-serif; font-size: 16px;\"><strong>Elisabeth Rocheteau<\/strong> \u00e0 Armoy<i> 06 74 96 01 26<\/i><\/span><\/p>\n<p align=\"left\"><span style=\"font-family: 'Raleway', sans-serif;\"><strong>Josette Bidal\u00a0 \u00e0 <\/strong>Allinges 06 32 69 97 57<\/span><\/p>\n<p align=\"left\"><span style=\"font-family: 'Raleway', sans-serif;\"><strong>Brigitte Fontaine\u00a0<\/strong> \u00e0 Ballaison 04 50 94 02 22<\/span><\/p>\n<p align=\"left\"><span style=\"font-family: 'Arial Black', 'Avant Garde';\"><strong>Christine Croquet-Kolb<\/strong> <span style=\"font-family: Raleway, sans-serif;\">\u00e0 Chens-sur-L\u00e9man 06 19 17 37 74<\/span><\/span><\/p>\n<p align=\"left\"><span style=\"font-family: 'Arial Black', 'Avant Garde';\"><strong>Sylvie Auveiler\/Roy<\/strong> <span style=\"font-family: Raleway, sans-serif;\">\u00e0 Marin 06 03 76 15 99<\/span><\/span><\/p>\n<p align=\"left\"><strong>Nicole Meier \u00e0 Loisin<\/strong> 0041 799 37 11 39<\/p>\n<p align=\"left\"><strong>Estelle Toty \u00e0 Armoy 06 75 30 26 77<\/strong><\/p>\n<\/div>\n<\/div><\/div><\/div><\/div><\/div>","protected":false},"excerpt":{"rendered":"<p>Contactez-nous \u00e0 l&rsquo;adresse gardiensdesemencesleman74@ntymail.com Vous pouvez aussi contacter une des membres de l&rsquo;\u00e9quipe de pilotage : Chantal Juthier\u00a0 \u00e0 Cervens 04 50 72 58 28 Delphine Lavaillotte \u00e0 Orcier 04 50 81 04 34 Elisabeth Rocheteau \u00e0 Armoy 06 74 96 01 26 Josette Bidal\u00a0 \u00e0 Allinges 06 32 69 97 57 Brigitte Fontaine\u00a0 \u00e0 [&hellip;]<\/p>\n","protected":false},"author":1,"featured_media":0,"parent":144,"menu_order":0,"comment_status":"closed","ping_status":"closed","template":"","meta":{"footnotes":""},"class_list":["post-187","page","type-page","status-publish","hentry","post"],"_links":{"self":[{"href":"https:\/\/gardiensdesemencesleman74.fr\/index.php?rest_route=\/wp\/v2\/pages\/187","targetHints":{"allow":["GET"]}}],"collection":[{"href":"https:\/\/gardiensdesemencesleman74.fr\/index.php?rest_route=\/wp\/v2\/pages"}],"about":[{"href":"https:\/\/gardiensdesemencesleman74.fr\/index.php?rest_route=\/wp\/v2\/types\/page"}],"author":[{"embeddable":true,"href":"https:\/\/gardiensdesemencesleman74.fr\/index.php?rest_route=\/wp\/v2\/users\/1"}],"replies":[{"embeddable":true,"href":"https:\/\/gardiensdesemencesleman74.fr\/index.php?rest_route=%2Fwp%2Fv2%2Fcomments&post=187"}],"version-history":[{"count":56,"href":"https:\/\/gardiensdesemencesleman74.fr\/index.php?rest_route=\/wp\/v2\/pages\/187\/revisions"}],"predecessor-version":[{"id":1330,"href":"https:\/\/gardiensdesemencesleman74.fr\/index.php?rest_route=\/wp\/v2\/pages\/187\/revisions\/1330"}],"up":[{"embeddable":true,"href":"https:\/\/gardiensdesemencesleman74.fr\/index.php?rest_route=\/wp\/v2\/pages\/144"}],"wp:attachment":[{"href":"https:\/\/gardiensdesemencesleman74.fr\/index.php?rest_route=%2Fwp%2Fv2%2Fmedia&parent=187"}],"curies":[{"name":"wp","href":"https:\/\/api.w.org\/{rel}","templated":true}]}}