{"id":183,"date":"2017-02-06T11:30:11","date_gmt":"2017-02-06T10:30:11","guid":{"rendered":"http:\/\/gardiensdesemencesleman74.chablaispermaculture.fr\/?page_id=183"},"modified":"2017-03-19T09:09:14","modified_gmt":"2017-03-19T08:09:14","slug":"etre-membre-actif","status":"publish","type":"page","link":"https:\/\/gardiensdesemencesleman74.fr\/?page_id=183","title":{"rendered":"devenir membre"},"content":{"rendered":"<p><img loading=\"lazy\" decoding=\"async\" class=\"so-widget-image alignleft\" title=\"Coccinelle\" src=\"https:\/\/gardiensdesemencesleman74.fr\/wp-content\/uploads\/2017\/03\/biological-181237_1920-436x272.jpg\" srcset=\"\" alt=\"Coccinelle\" width=\"280\" height=\"174\" \/><\/p>\n<p><span style=\"font-family: 'Raleway',sans-serif; font-size: 16px;\">Les\u00a0 membres<b> <\/b>sont des jardiniers amateurs ou exp\u00e9riment\u00e9s <strong>int\u00e9ress\u00e9s par la production locale de semences<\/strong>, ils <i>:<\/i><\/span><\/p>\n<ul>\n<li>\n<p align=\"left\"><span style=\"font-family: 'Raleway',sans-serif; font-size: 16px;\">participent \u00e0 des <strong>\u00e9changes de semences et de savoir-faire <\/strong><\/span><\/p>\n<\/li>\n<li>\n<p align=\"left\"><span style=\"font-family: 'Raleway',sans-serif; font-size: 16px;\"><strong>exp\u00e9rimentent<\/strong> dans leur jardin <\/span><\/p>\n<\/li>\n<li>\n<p align=\"left\"><span style=\"font-family: 'Raleway',sans-serif; font-size: 16px;\">participent \u00e0 des <strong>temps de formation<\/strong> ou \u00e0 des <strong>ateliers<\/strong>.<br \/>\n<\/span><\/p>\n<\/li>\n<\/ul>\n<p>&nbsp;<\/p>\n<p style=\"text-align: left;\"><strong><span style=\"font-family: 'Raleway',sans-serif; font-size: 20px;\">Que faire pour \u00eatre membre ?<\/span><\/strong><\/p>\n<ul>\n<li>\n<p align=\"left\"><span style=\"color: #000000; font-family: 'Raleway',sans-serif; font-size: 16px;\">conna\u00eetre la <strong>raison d&rsquo;\u00eatre du groupe<\/strong><\/span><\/p>\n<\/li>\n<li>\n<p align=\"left\"><span style=\"color: #000000; font-family: 'Raleway',sans-serif; font-size: 16px;\">s&rsquo;engager \u00e0 ne fournir que des graines ou plantes <strong>comestibles, aromatiques ou m\u00e9dicinales, cultiv\u00e9es en bio, non OGM et non F1.<\/strong><\/span><\/p>\n<\/li>\n<li>\n<p align=\"left\"><span style=\"color: #000000;\"><span style=\"font-family: Times New Roman,serif;\"><span style=\"font-size: medium;\"><span style=\"color: #000000; font-family: 'Raleway',sans-serif; font-size: 16px;\">Pour les graines apport\u00e9es dans le cadre de gardiens de Semence L\u00e9man 74, s&rsquo;engager \u00e0 <strong>indiquer sur le sachet:<\/strong><\/span><\/span><\/span><\/span><\/p>\n<ol>\n<li><span style=\"color: #000000;\">le <\/span><strong><span style=\"color: #000000;\">nom de la plante<\/span><\/strong><span style=\"color: #000000;\">(ex: Tomate)<\/span><\/li>\n<li><span style=\"color: #000000;\">le <\/span><strong><span style=\"color: #000000;\">nom de la vari\u00e9t\u00e9<\/span><\/strong><span style=\"color: #000000;\"> si possible(ex: \u00ab\u00a0Coeur de Boeuf\u00a0\u00bb)<\/span><\/li>\n<li><span style=\"color: #000000;\">l&rsquo;<\/span><strong><span style=\"color: #000000;\">ann\u00e9e de r\u00e9colte<\/span><\/strong><span style=\"color: #000000;\">(ex: 2017)<\/span><\/li>\n<li><span style=\"color: #000000;\">la <\/span><strong><span style=\"color: #000000;\">mention \u00ab\u00a0=\u00a0\u00bb<\/span><\/strong><span style=\"color: #000000;\"> si vous \u00eates certain de l&rsquo;origine de votre semence et si vous avez tenu compte des distances s\u00e9paratives entre vari\u00e9t\u00e9s au moment de la pollinisation<\/span><\/li>\n<li><span style=\"color: #000000;\">la <\/span><strong><span style=\"color: #000000;\">mention \u00a0\u00bb \u2248 \u00ab\u00a0<\/span><\/strong><span style=\"color: #000000;\"> dans le cas contraire<\/span><\/li>\n<\/ol>\n<\/li>\n<li>\n<p align=\"left\"><span style=\"color: #000000; font-family: 'Raleway',sans-serif; font-size: 16px;\">Demander \u00e0 <strong>s&rsquo;inscrire\u00a0en rencontrant ou en t\u00e9l\u00e9phonant<\/strong> \u00e0 l&rsquo;un des membres de l&rsquo;\u00e9quipe de pilotage<\/span><\/p>\n<\/li>\n<\/ul>\n<p style=\"text-align: center;\" align=\"left\">\n<p style=\"text-align: center;\" align=\"left\">\n<p style=\"text-align: center;\" align=\"left\"><span style=\"color: #000000; font-family: 'Raleway',sans-serif; font-size: 16px;\"><strong><span style=\"font-family: 'Raleway',sans-serif; font-size: 20px;\">Que faire pour ne plus \u00eatre membre ?<\/span><\/strong><\/span><\/p>\n<ul>\n<li>\n<p align=\"left\"><span style=\"color: #000000; font-family: 'Raleway',sans-serif; font-size: 16px;\">de sa propre initiative en pr\u00e9venant un des membres de l&rsquo;\u00e9quipe de pilotage.<\/span><\/p>\n<\/li>\n<li>\n<p align=\"left\"><span style=\"color: #000000; font-family: 'Raleway',sans-serif; font-size: 16px;\">suite \u00e0 un ou plusieurs rappels pour non respect des engagements des membres et \u00e0 la demande argument\u00e9e d&rsquo;un des membre de l&rsquo;\u00e9quipe de pilotage, la proposition d&rsquo;exclusion devra \u00eatre approuv\u00e9e par consentement\u00a0 par l&rsquo;\u00e9quipe de pilotage.<\/span><\/p>\n<\/li>\n<\/ul>\n","protected":false},"excerpt":{"rendered":"<p>Les\u00a0 membres sont des jardiniers amateurs ou exp\u00e9riment\u00e9s int\u00e9ress\u00e9s par la production locale de semences, ils : participent \u00e0 des \u00e9changes de semences et de savoir-faire exp\u00e9rimentent dans leur jardin participent \u00e0 des temps de formation ou \u00e0 des ateliers. &nbsp; Que faire pour \u00eatre membre ? conna\u00eetre la raison d&rsquo;\u00eatre du groupe s&rsquo;engager \u00e0 [&hellip;]<\/p>\n","protected":false},"author":1,"featured_media":0,"parent":179,"menu_order":0,"comment_status":"closed","ping_status":"closed","template":"templates\/template-full.php","meta":{"footnotes":""},"class_list":["post-183","page","type-page","status-publish","hentry","post"],"_links":{"self":[{"href":"https:\/\/gardiensdesemencesleman74.fr\/index.php?rest_route=\/wp\/v2\/pages\/183","targetHints":{"allow":["GET"]}}],"collection":[{"href":"https:\/\/gardiensdesemencesleman74.fr\/index.php?rest_route=\/wp\/v2\/pages"}],"about":[{"href":"https:\/\/gardiensdesemencesleman74.fr\/index.php?rest_route=\/wp\/v2\/types\/page"}],"author":[{"embeddable":true,"href":"https:\/\/gardiensdesemencesleman74.fr\/index.php?rest_route=\/wp\/v2\/users\/1"}],"replies":[{"embeddable":true,"href":"https:\/\/gardiensdesemencesleman74.fr\/index.php?rest_route=%2Fwp%2Fv2%2Fcomments&post=183"}],"version-history":[{"count":17,"href":"https:\/\/gardiensdesemencesleman74.fr\/index.php?rest_route=\/wp\/v2\/pages\/183\/revisions"}],"predecessor-version":[{"id":561,"href":"https:\/\/gardiensdesemencesleman74.fr\/index.php?rest_route=\/wp\/v2\/pages\/183\/revisions\/561"}],"up":[{"embeddable":true,"href":"https:\/\/gardiensdesemencesleman74.fr\/index.php?rest_route=\/wp\/v2\/pages\/179"}],"wp:attachment":[{"href":"https:\/\/gardiensdesemencesleman74.fr\/index.php?rest_route=%2Fwp%2Fv2%2Fmedia&parent=183"}],"curies":[{"name":"wp","href":"https:\/\/api.w.org\/{rel}","templated":true}]}}