{"id":167,"date":"2017-02-06T11:24:41","date_gmt":"2017-02-06T10:24:41","guid":{"rendered":"http:\/\/gardiensdesemencesleman74.chablaispermaculture.fr\/?page_id=167"},"modified":"2023-09-27T11:15:02","modified_gmt":"2023-09-27T09:15:02","slug":"ateliers","status":"publish","type":"page","link":"https:\/\/gardiensdesemencesleman74.fr\/?page_id=167","title":{"rendered":"Ateliers"},"content":{"rendered":"<div id=\"pl-167\"  class=\"panel-layout\" ><div id=\"pg-167-0\"  class=\"panel-grid panel-no-style\" ><div id=\"pgc-167-0-0\"  class=\"panel-grid-cell\" ><div id=\"panel-167-0-0-0\" class=\"so-panel widget widget_sow-editor panel-first-child panel-last-child\" data-index=\"0\" ><div\n\t\t\t\n\t\t\tclass=\"so-widget-sow-editor so-widget-sow-editor-base\"\n\t\t\t\n\t\t>\n<div class=\"siteorigin-widget-tinymce textwidget\">\n\t<p><img loading=\"lazy\" decoding=\"async\" class=\"size-medium wp-image-424 alignleft\" src=\"https:\/\/gardiensdesemencesleman74.fr\/wp-content\/uploads\/2017\/03\/sunflower-seed-1213766_1920-300x200.jpg\" alt=\"\" width=\"300\" height=\"200\" srcset=\"https:\/\/gardiensdesemencesleman74.fr\/wp-content\/uploads\/2017\/03\/sunflower-seed-1213766_1920-300x200.jpg 300w, https:\/\/gardiensdesemencesleman74.fr\/wp-content\/uploads\/2017\/03\/sunflower-seed-1213766_1920-768x512.jpg 768w, https:\/\/gardiensdesemencesleman74.fr\/wp-content\/uploads\/2017\/03\/sunflower-seed-1213766_1920-1024x683.jpg 1024w, https:\/\/gardiensdesemencesleman74.fr\/wp-content\/uploads\/2017\/03\/sunflower-seed-1213766_1920-600x400.jpg 600w, https:\/\/gardiensdesemencesleman74.fr\/wp-content\/uploads\/2017\/03\/sunflower-seed-1213766_1920-272x182.jpg 272w, https:\/\/gardiensdesemencesleman74.fr\/wp-content\/uploads\/2017\/03\/sunflower-seed-1213766_1920.jpg 1920w\" sizes=\"auto, (max-width: 300px) 100vw, 300px\" \/><\/p>\n<div id=\"pgc-167-0-1\" class=\"panel-grid-cell\">\n<div id=\"panel-167-0-1-0\" class=\"so-panel widget widget_sow-editor panel-first-child panel-last-child\" data-index=\"1\">\n<div class=\"so-widget-sow-editor so-widget-sow-editor-base\">\n<div class=\"siteorigin-widget-tinymce textwidget\">\n<p>Des ateliers pratiques ont lieu entre membres des Gardiens de Semences.<\/p>\n<p>Nous organisons chaque ann\u00e9e des ateliers de semis de tomates en mars dans plusieurs communes du Chablais et des ateliers d'\u00e9grenage pendant la saison d'hiver. Parfois des ateliers d'extraction de graines de tomates \u00e0 l'automne ou de bouturage selon les disponibilit\u00e9s de l'\u00e9quipe.<\/p>\n<p>Ces ateliers permettent de partager nos connaissances et notre exp\u00e9rience ainsi que des graines de l\u00e9gumes et de fleurs.<\/p>\n<p><em>Ils sont annonc\u00e9s dans l'onglet Agenda sur ce site et dans nos Lettres d'infos du Printemps et de l'Automne.<\/em><\/p>\n<\/div>\n<\/div>\n<\/div>\n<\/div>\n<\/div>\n<\/div><\/div><\/div><\/div><\/div>","protected":false},"excerpt":{"rendered":"<p>Des ateliers pratiques ont lieu entre membres des Gardiens de Semences. Nous organisons chaque ann\u00e9e des ateliers de semis de tomates en mars dans plusieurs communes du Chablais et des ateliers d&rsquo;\u00e9grenage pendant la saison d&rsquo;hiver. Parfois des ateliers d&rsquo;extraction de graines de tomates \u00e0 l&rsquo;automne ou de bouturage selon les disponibilit\u00e9s de l&rsquo;\u00e9quipe. Ces [&hellip;]<\/p>\n","protected":false},"author":1,"featured_media":0,"parent":165,"menu_order":0,"comment_status":"closed","ping_status":"closed","template":"","meta":{"footnotes":""},"class_list":["post-167","page","type-page","status-publish","hentry","post"],"_links":{"self":[{"href":"https:\/\/gardiensdesemencesleman74.fr\/index.php?rest_route=\/wp\/v2\/pages\/167","targetHints":{"allow":["GET"]}}],"collection":[{"href":"https:\/\/gardiensdesemencesleman74.fr\/index.php?rest_route=\/wp\/v2\/pages"}],"about":[{"href":"https:\/\/gardiensdesemencesleman74.fr\/index.php?rest_route=\/wp\/v2\/types\/page"}],"author":[{"embeddable":true,"href":"https:\/\/gardiensdesemencesleman74.fr\/index.php?rest_route=\/wp\/v2\/users\/1"}],"replies":[{"embeddable":true,"href":"https:\/\/gardiensdesemencesleman74.fr\/index.php?rest_route=%2Fwp%2Fv2%2Fcomments&post=167"}],"version-history":[{"count":12,"href":"https:\/\/gardiensdesemencesleman74.fr\/index.php?rest_route=\/wp\/v2\/pages\/167\/revisions"}],"predecessor-version":[{"id":1132,"href":"https:\/\/gardiensdesemencesleman74.fr\/index.php?rest_route=\/wp\/v2\/pages\/167\/revisions\/1132"}],"up":[{"embeddable":true,"href":"https:\/\/gardiensdesemencesleman74.fr\/index.php?rest_route=\/wp\/v2\/pages\/165"}],"wp:attachment":[{"href":"https:\/\/gardiensdesemencesleman74.fr\/index.php?rest_route=%2Fwp%2Fv2%2Fmedia&parent=167"}],"curies":[{"name":"wp","href":"https:\/\/api.w.org\/{rel}","templated":true}]}}