{"id":162,"date":"2017-02-06T11:23:34","date_gmt":"2017-02-06T10:23:34","guid":{"rendered":"http:\/\/gardiensdesemencesleman74.chablaispermaculture.fr\/?page_id=162"},"modified":"2017-03-19T08:52:42","modified_gmt":"2017-03-19T07:52:42","slug":"notre-structure","status":"publish","type":"page","link":"https:\/\/gardiensdesemencesleman74.fr\/?page_id=162","title":{"rendered":"Structure"},"content":{"rendered":"<p><img loading=\"lazy\" decoding=\"async\" class=\"alignnone size-medium wp-image-384\" src=\"https:\/\/gardiensdesemencesleman74.fr\/wp-content\/uploads\/2017\/03\/broccoli-2046845_1920-300x225.jpg\" alt=\"\" width=\"300\" height=\"225\" srcset=\"https:\/\/gardiensdesemencesleman74.fr\/wp-content\/uploads\/2017\/03\/broccoli-2046845_1920-300x225.jpg 300w, https:\/\/gardiensdesemencesleman74.fr\/wp-content\/uploads\/2017\/03\/broccoli-2046845_1920-768x576.jpg 768w, https:\/\/gardiensdesemencesleman74.fr\/wp-content\/uploads\/2017\/03\/broccoli-2046845_1920-1024x768.jpg 1024w, https:\/\/gardiensdesemencesleman74.fr\/wp-content\/uploads\/2017\/03\/broccoli-2046845_1920-600x450.jpg 600w, https:\/\/gardiensdesemencesleman74.fr\/wp-content\/uploads\/2017\/03\/broccoli-2046845_1920.jpg 1920w\" sizes=\"auto, (max-width: 300px) 100vw, 300px\" \/><\/p>\n<p><span style=\"font-family: 'Raleway',sans-serif; font-size: 16px;\">Ce groupe est constitu\u00e9 de <b>membres <\/b>. Ce sont des jardiniers amateurs ou exp\u00e9riment\u00e9s <strong>int\u00e9ress\u00e9s par la production locale de semences<\/strong>, ils <i>:<\/i><\/span><\/p>\n<ul>\n<li>\n<p align=\"left\"><span style=\"font-family: 'Raleway',sans-serif; font-size: 16px;\">participent \u00e0 des <strong>\u00e9changes de semences et de savoir-faire <\/strong><\/span><\/p>\n<\/li>\n<li>\n<p align=\"left\"><span style=\"font-family: 'Raleway',sans-serif; font-size: 16px;\"><strong>exp\u00e9rimentent<\/strong> dans leur jardin <\/span><\/p>\n<\/li>\n<li>\n<p align=\"left\"><span style=\"font-family: 'Raleway',sans-serif; font-size: 16px;\">participent \u00e0 des <strong>temps de formation<\/strong> ou \u00e0 des <strong>ateliers<\/strong>.<\/span><\/p>\n<\/li>\n<\/ul>\n<p><span style=\"font-size: 16px; font-family: 'Raleway',sans-serif;\"><span style=\"color: #000000;\">Parmi les membres, certains font partie<\/span> <span style=\"color: #000000;\">d<\/span><span style=\"color: #000000;\">e l<\/span><span style=\"color: #000000;\"><b>&lsquo;\u00e9quipe<\/b><\/span><span style=\"color: #000000;\"><b>\u00a0 <\/b><\/span><span style=\"color: #000000;\"><b>de pilotage\u00a0<\/b><\/span><span style=\"color: #000000;\">,<\/span><b> <\/b>ce sont les personnes qui impulsent la dynamique du groupe\u00a0, ils\u00a0: <\/span><\/p>\n<ul>\n<li>\n<p align=\"left\"><span style=\"font-family: 'Raleway',sans-serif; font-size: 16px;\">\u00e9valuent les besoins <\/span><\/p>\n<\/li>\n<li>\n<p align=\"left\"><span style=\"font-family: 'Raleway',sans-serif; font-size: 16px;\">organisent des \u00e9v\u00e8nements, des ateliers, des formations,\u2026<\/span><\/p>\n<\/li>\n<li>\n<p align=\"left\"><span style=\"font-family: 'Raleway',sans-serif; font-size: 16px;\">s&rsquo;occupent de la communication et de l&rsquo;informatique<\/span><\/p>\n<\/li>\n<li>\n<p align=\"left\"><span style=\"font-size: 16px; font-family: 'Raleway',sans-serif;\">participent aux r\u00e9unions d\u2019organisation et adh\u00e8rent \u00e0 la charte de convivialit\u00e9<\/span><\/p>\n<\/li>\n<li>\n<p align=\"left\"><span style=\"font-family: 'Raleway',sans-serif; font-size: 16px;\">font le lien avec d&rsquo;autres groupes(Colibris, r\u00e9seaux de gardiens de semences, &#8230;)<\/span><\/p>\n<\/li>\n<\/ul>\n<p>&nbsp;<\/p>\n<p><strong><span style=\"font-family: 'Raleway',sans-serif; font-size: 20px;\">Que faire pour \u00eatre \u00ab\u00a0membre\u00a0\u00bb ?<\/span><\/strong><\/p>\n<ul>\n<li>\n<p align=\"left\"><span style=\"color: #000000; font-family: 'Raleway',sans-serif; font-size: 16px;\">conna\u00eetre la <strong>raison d&rsquo;\u00eatre du groupe<\/strong><\/span><\/p>\n<\/li>\n<li>\n<p align=\"left\"><span style=\"color: #000000; font-family: 'Raleway',sans-serif; font-size: 16px;\">s&rsquo;engager \u00e0 ne fournir que des graines ou plantes <strong>comestibles, aromatiques ou m\u00e9dicinales, cultiv\u00e9es en bio, non OGM et non F1.<\/strong><\/span><\/p>\n<\/li>\n<li>\n<p align=\"left\"><span style=\"color: #000000;\"><span style=\"font-family: Times New Roman,serif;\"><span style=\"font-size: medium;\"><span style=\"color: #000000; font-family: 'Raleway',sans-serif; font-size: 16px;\">Pour les graines apport\u00e9es dans le cadre de gardiens de Semence L\u00e9man 74, s&rsquo;engager \u00e0 <strong>indiquer sur le sachet:<\/strong><\/span><\/span><\/span><\/span><\/p>\n<ol>\n<li><span style=\"color: #000000;\">le <\/span><strong><span style=\"color: #000000;\">nom de la plante<\/span><\/strong><span style=\"color: #000000;\">(ex: Tomate)<\/span><\/li>\n<li><span style=\"color: #000000;\">le <\/span><strong><span style=\"color: #000000;\">nom de la vari\u00e9t\u00e9<\/span><\/strong><span style=\"color: #000000;\"> si possible(ex: \u00ab\u00a0Coeur de Boeuf\u00a0\u00bb)<\/span><\/li>\n<li><span style=\"color: #000000;\">l&rsquo;<\/span><strong><span style=\"color: #000000;\">ann\u00e9e de r\u00e9colte<\/span><\/strong><span style=\"color: #000000;\">(ex: 2017)<\/span><\/li>\n<li><span style=\"color: #000000;\">la <\/span><strong><span style=\"color: #000000;\">mention \u00ab\u00a0=\u00a0\u00bb<\/span><\/strong><span style=\"color: #000000;\"> si vous \u00eates certain de l&rsquo;origine de votre semence et si vous avez tenu compte des distances s\u00e9paratives entre vari\u00e9t\u00e9s au moment de la pollinisation<\/span><\/li>\n<li><span style=\"color: #000000;\">la <\/span><strong><span style=\"color: #000000;\">mention \u00a0\u00bb \u2248 \u00ab\u00a0<\/span><\/strong><span style=\"color: #000000;\"> dans le cas contraire<\/span><\/li>\n<\/ol>\n<\/li>\n<li>\n<p align=\"left\"><span style=\"color: #000000; font-family: 'Raleway',sans-serif; font-size: 16px;\">Demander \u00e0 <strong>s&rsquo;inscrire\u00a0en rencontrant ou en t\u00e9l\u00e9phonant<\/strong> \u00e0 l&rsquo;un des membres de l&rsquo;\u00e9quipe de pilotage<\/span><\/p>\n<\/li>\n<\/ul>\n<p align=\"left\"><span style=\"color: #000000; font-family: 'Raleway',sans-serif; font-size: 16px;\"><strong><span style=\"font-family: 'Raleway',sans-serif; font-size: 20px;\">Que faire pour ne plus \u00eatre \u00ab\u00a0membre\u00a0\u00bb ?<\/span><\/strong><\/span><\/p>\n<ul>\n<li>\n<p align=\"left\"><span style=\"color: #000000; font-family: 'Raleway',sans-serif; font-size: 16px;\">de sa propre initiative en pr\u00e9venant un des membres de l&rsquo;\u00e9quipe de pilotage.<\/span><\/p>\n<\/li>\n<li>\n<p align=\"left\"><span style=\"color: #000000; font-family: 'Raleway',sans-serif; font-size: 16px;\">suite \u00e0 un ou plusieurs rappels pour non respect des engagements des membres et \u00e0 la demande argument\u00e9e d&rsquo;un des membre de l&rsquo;\u00e9quipe de pilotage, la proposition d&rsquo;exclusion devra \u00eatre approuv\u00e9e par consentement\u00a0 par l&rsquo;\u00e9quipe de pilotage.<\/span><\/p>\n<\/li>\n<\/ul>\n<p>&nbsp;<\/p>\n<p><strong><span style=\"font-family: 'Raleway',sans-serif; font-size: 20px;\">Que faire pour \u00eatre \u00ab\u00a0membre de l&rsquo;\u00e9quipe de pilotage\u00a0\u00bb ?<\/span><\/strong><\/p>\n<ul>\n<li><span style=\"font-size: 16px; font-family: 'Raleway',sans-serif;\">\u00eatre membre depuis 3 mois au moins<\/span><\/li>\n<li>\n<p align=\"left\"><span style=\"color: #000000; font-family: 'Raleway',sans-serif; font-size: 16px;\">venir \u00e0 une premi\u00e8re r\u00e9union en tant qu&rsquo;observateur.<\/span><\/p>\n<\/li>\n<li>\n<p align=\"left\"><span style=\"color: #000000; font-family: 'Raleway',sans-serif; font-size: 16px;\">conna\u00eetre et s&rsquo;engager \u00e0 respecter en intention les outils d&rsquo;intelligence collective approuv\u00e9s par le groupe(charte de bienveillance, les 5 r\u00f4les en r\u00e9unions, prise de d\u00e9cision par consensus\/consentement, principes des structures organiques)<\/span><\/p>\n<\/li>\n<li>\n<p align=\"left\"><span style=\"color: #000000; font-family: 'Raleway',sans-serif; font-size: 16px;\">conna\u00eetre les bases de la production de semences(ex\u00a0: DVD1 Semences buissonni\u00e8res) <\/span><\/p>\n<\/li>\n<li>\n<p align=\"left\"><span style=\"color: #000000; font-family: 'Raleway',sans-serif; font-size: 16px;\">prendre part \u00e0 3 r\u00e9unions sans toutefois disposer du droit d&rsquo;opposition \u00e0 une d\u00e9cision.<\/span><\/p>\n<\/li>\n<li>\n<p align=\"left\"><span style=\"color: #000000; font-family: 'Raleway',sans-serif; font-size: 16px;\">voir la proposition de son entr\u00e9e approuv\u00e9e par consensus par l&rsquo;\u00e9quipe de pilotage.<\/span><\/p>\n<\/li>\n<\/ul>\n<p align=\"left\"><span style=\"color: #000000; font-family: 'Raleway',sans-serif; font-size: 16px;\"><strong><span style=\"font-family: 'Raleway',sans-serif; font-size: 20px;\">Que faire pour ne plus \u00eatre \u00ab\u00a0membre de l&rsquo;\u00e9quipe de pilotage\u00a0\u00bb ?<\/span><\/strong><\/span><\/p>\n<ul>\n<li>\n<p align=\"left\"><span style=\"color: #000000; font-family: 'Raleway',sans-serif; font-size: 16px;\">de sa propre initiative<\/span><\/p>\n<\/li>\n<li>\u00a0<span style=\"font-family: 'Raleway',sans-serif; font-size: 16px;\">en pr\u00e9venant 1 mois \u00e0 l&rsquo;avance un des membres de l&rsquo;\u00e9quipe de pilotage (et de pr\u00e9f\u00e9rence en tenant compte des projets en cours dont le membre est responsable)<\/span><span style=\"color: #9900ff;\"><br \/>\n<\/span><\/li>\n<li>\n<p align=\"left\"><span style=\"color: #000000; font-family: 'Raleway',sans-serif; font-size: 16px;\">suite \u00e0 un ou plusieurs rappels pour non respect de la charte de convivialit\u00e9 et \u00e0 la demande argument\u00e9e d&rsquo;un membres de l&rsquo;\u00e9quipe de pilotage. La proposition d&rsquo;exclusion devra \u00eatre approuv\u00e9e par consentement\u00a0(\u00e9tant \u00e9vident que la personne concern\u00e9e ne dispose pas de son droit d&rsquo;opposition).<\/span><\/p>\n<\/li>\n<\/ul>\n","protected":false},"excerpt":{"rendered":"<p>Ce groupe est constitu\u00e9 de membres . Ce sont des jardiniers amateurs ou exp\u00e9riment\u00e9s int\u00e9ress\u00e9s par la production locale de semences, ils : participent \u00e0 des \u00e9changes de semences et de savoir-faire exp\u00e9rimentent dans leur jardin participent \u00e0 des temps de formation ou \u00e0 des ateliers. Parmi les membres, certains font partie de l&lsquo;\u00e9quipe\u00a0 de [&hellip;]<\/p>\n","protected":false},"author":1,"featured_media":0,"parent":144,"menu_order":0,"comment_status":"closed","ping_status":"closed","template":"","meta":{"footnotes":""},"class_list":["post-162","page","type-page","status-publish","hentry","post"],"_links":{"self":[{"href":"https:\/\/gardiensdesemencesleman74.fr\/index.php?rest_route=\/wp\/v2\/pages\/162","targetHints":{"allow":["GET"]}}],"collection":[{"href":"https:\/\/gardiensdesemencesleman74.fr\/index.php?rest_route=\/wp\/v2\/pages"}],"about":[{"href":"https:\/\/gardiensdesemencesleman74.fr\/index.php?rest_route=\/wp\/v2\/types\/page"}],"author":[{"embeddable":true,"href":"https:\/\/gardiensdesemencesleman74.fr\/index.php?rest_route=\/wp\/v2\/users\/1"}],"replies":[{"embeddable":true,"href":"https:\/\/gardiensdesemencesleman74.fr\/index.php?rest_route=%2Fwp%2Fv2%2Fcomments&post=162"}],"version-history":[{"count":14,"href":"https:\/\/gardiensdesemencesleman74.fr\/index.php?rest_route=\/wp\/v2\/pages\/162\/revisions"}],"predecessor-version":[{"id":549,"href":"https:\/\/gardiensdesemencesleman74.fr\/index.php?rest_route=\/wp\/v2\/pages\/162\/revisions\/549"}],"up":[{"embeddable":true,"href":"https:\/\/gardiensdesemencesleman74.fr\/index.php?rest_route=\/wp\/v2\/pages\/144"}],"wp:attachment":[{"href":"https:\/\/gardiensdesemencesleman74.fr\/index.php?rest_route=%2Fwp%2Fv2%2Fmedia&parent=162"}],"curies":[{"name":"wp","href":"https:\/\/api.w.org\/{rel}","templated":true}]}}